{"id":132,"date":"2025-07-04T14:49:13","date_gmt":"2025-07-04T12:49:13","guid":{"rendered":"https:\/\/jointeurbayonne64.com\/?page_id=132"},"modified":"2026-02-08T12:47:57","modified_gmt":"2026-02-08T11:47:57","slug":"accueil","status":"publish","type":"page","link":"https:\/\/jointeurbayonne64.com\/","title":{"rendered":"Accueil"},"content":{"rendered":"\t\t<div data-elementor-type=\"wp-page\" data-elementor-id=\"132\" class=\"elementor elementor-132\">\n\t\t\t\t<div class=\"elementor-element elementor-element-9bd0790 e-flex e-con-boxed e-con e-parent\" data-id=\"9bd0790\" data-element_type=\"container\">\n\t\t\t\t\t<div class=\"e-con-inner\">\n\t\t\t\t<div class=\"elementor-element elementor-element-865c254 elementor-widget elementor-widget-text-editor\" data-id=\"865c254\" data-element_type=\"widget\" data-widget_type=\"text-editor.default\">\n\t\t\t\t<div class=\"elementor-widget-container\">\n\t\t\t\t\t\t\t\t\t<h2>\u00a0<\/h2><h2><strong>Tel 07 68 26 28 13<\/strong><\/h2><h3>\u00a0<\/h3><h3>Artisan jointeur depuis 2002 sur la C\u00f4te basque et Landaise<\/h3><h5>Ne soyez plus d\u00e9\u00e7u du r\u00e9sultat de vos chantiers placo. Faites appel \u00e0 un v\u00e9ritable jointeur professionnel ; Je travaille avec toute une gamme d&rsquo;outils m\u00e9canis\u00e9s qui me permettent de r\u00e9aliser des joints nets et r\u00e9guliers, totalement invisible apr\u00e8s traitement.<\/h5><h5>JE NE FAIS QUE DES JOINTS PLACO ET JE LES FAIS PARFAITEMENT&#8230;<\/h5><p>\u00a0<\/p><div>\u00a0<\/div>\t\t\t\t\t\t\t\t<\/div>\n\t\t\t\t<\/div>\n\t\t\t\t\t<\/div>\n\t\t\t\t<\/div>\n\t\t<div class=\"elementor-element elementor-element-6149b31 e-flex e-con-boxed e-con e-parent\" data-id=\"6149b31\" data-element_type=\"container\">\n\t\t\t\t\t<div class=\"e-con-inner\">\n\t\t\t\t<div class=\"elementor-element elementor-element-07a9211 elementor-invisible elementor-widget elementor-widget-heading\" data-id=\"07a9211\" data-element_type=\"widget\" data-settings=\"{&quot;_animation&quot;:&quot;fadeInLeft&quot;}\" data-widget_type=\"heading.default\">\n\t\t\t\t<div class=\"elementor-widget-container\">\n\t\t\t\t\t<h2 class=\"elementor-heading-title elementor-size-default\">Galerie Photos<\/h2>\t\t\t\t<\/div>\n\t\t\t\t<\/div>\n\t\t\t\t<div class=\"elementor-element elementor-element-78d735f elementor-widget elementor-widget-image\" data-id=\"78d735f\" data-element_type=\"widget\" data-widget_type=\"image.default\">\n\t\t\t\t<div class=\"elementor-widget-container\">\n\t\t\t\t\t\t\t\t\t\t\t\t\t\t\t<img fetchpriority=\"high\" decoding=\"async\" width=\"1024\" height=\"1024\" src=\"https:\/\/jointeurbayonne64.com\/wp-content\/uploads\/2025\/07\/A21ADCCF-0395-4A0F-BC7B-213FD9BABFF5-1024x1024.png\" class=\"attachment-large size-large wp-image-165\" alt=\"\" srcset=\"https:\/\/jointeurbayonne64.com\/wp-content\/uploads\/2025\/07\/A21ADCCF-0395-4A0F-BC7B-213FD9BABFF5-1024x1024.png 1024w, https:\/\/jointeurbayonne64.com\/wp-content\/uploads\/2025\/07\/A21ADCCF-0395-4A0F-BC7B-213FD9BABFF5-350x350.png 350w, https:\/\/jointeurbayonne64.com\/wp-content\/uploads\/2025\/07\/A21ADCCF-0395-4A0F-BC7B-213FD9BABFF5-150x150.png 150w, https:\/\/jointeurbayonne64.com\/wp-content\/uploads\/2025\/07\/A21ADCCF-0395-4A0F-BC7B-213FD9BABFF5-768x768.png 768w, https:\/\/jointeurbayonne64.com\/wp-content\/uploads\/2025\/07\/A21ADCCF-0395-4A0F-BC7B-213FD9BABFF5-1536x1536.png 1536w, https:\/\/jointeurbayonne64.com\/wp-content\/uploads\/2025\/07\/A21ADCCF-0395-4A0F-BC7B-213FD9BABFF5.png 1920w\" sizes=\"(max-width: 1024px) 100vw, 1024px\" \/>\t\t\t\t\t\t\t\t\t\t\t\t\t\t\t<\/div>\n\t\t\t\t<\/div>\n\t\t\t\t\t<\/div>\n\t\t\t\t<\/div>\n\t\t<div class=\"elementor-element elementor-element-acfbbbd e-flex e-con-boxed e-con e-parent\" data-id=\"acfbbbd\" data-element_type=\"container\">\n\t\t\t\t\t<div class=\"e-con-inner\">\n\t\t\t\t<div class=\"elementor-element elementor-element-f9e4ba8 elementor-widget elementor-widget-video\" data-id=\"f9e4ba8\" data-element_type=\"widget\" data-settings=\"{&quot;video_type&quot;:&quot;hosted&quot;,&quot;controls&quot;:&quot;yes&quot;}\" data-widget_type=\"video.default\">\n\t\t\t\t<div class=\"elementor-widget-container\">\n\t\t\t\t\t\t\t<div class=\"e-hosted-video elementor-wrapper elementor-open-inline\">\n\t\t\t\t\t<video class=\"elementor-video\" src=\"https:\/\/jointeurbayonne64.com\/wp-content\/uploads\/2026\/02\/IMG_8923.mov\" controls=\"\" preload=\"metadata\" controlsList=\"nodownload\"><\/video>\n\t\t\t\t<\/div>\n\t\t\t\t\t\t<\/div>\n\t\t\t\t<\/div>\n\t\t\t\t\t<\/div>\n\t\t\t\t<\/div>\n\t\t\t\t<\/div>\n\t\t","protected":false},"excerpt":{"rendered":"<p>\u00a0 Tel 07 68 26 28 13 \u00a0 Artisan jointeur depuis 2002 sur la C\u00f4te basque et Landaise Ne soyez plus d\u00e9\u00e7u du r\u00e9sultat de vos chantiers placo. Faites appel \u00e0 un v\u00e9ritable jointeur professionnel ; Je travaille avec toute une gamme d&rsquo;outils m\u00e9canis\u00e9s qui me permettent de r\u00e9aliser des joints nets et r\u00e9guliers, totalement&hellip;&nbsp;<a href=\"https:\/\/jointeurbayonne64.com\/\" rel=\"bookmark\">Lire la suite &raquo;<span class=\"screen-reader-text\">Accueil<\/span><\/a><\/p>\n","protected":false},"author":1,"featured_media":0,"parent":0,"menu_order":0,"comment_status":"closed","ping_status":"closed","template":"page-templates\/template-pagebuilder-full-width.php","meta":{"neve_meta_sidebar":"","neve_meta_container":"","neve_meta_enable_content_width":"","neve_meta_content_width":0,"neve_meta_title_alignment":"","neve_meta_author_avatar":"","neve_post_elements_order":"","neve_meta_disable_header":"","neve_meta_disable_footer":"","neve_meta_disable_title":"","footnotes":""},"class_list":["post-132","page","type-page","status-publish","hentry"],"yoast_head":"<!-- This site is optimized with the Yoast SEO plugin v25.3.1 - https:\/\/yoast.com\/wordpress\/plugins\/seo\/ -->\n<title>Accueil - Jointeur Bayonne 64<\/title>\n<meta name=\"robots\" content=\"index, follow, max-snippet:-1, max-image-preview:large, max-video-preview:-1\" \/>\n<link rel=\"canonical\" href=\"https:\/\/jointeurbayonne64.com\/\" \/>\n<meta property=\"og:locale\" content=\"fr_FR\" \/>\n<meta property=\"og:type\" content=\"article\" \/>\n<meta property=\"og:title\" content=\"Accueil - Jointeur Bayonne 64\" \/>\n<meta property=\"og:description\" content=\"\u00a0 Tel 07 68 26 28 13 \u00a0 Artisan jointeur depuis 2002 sur la C\u00f4te basque et Landaise Ne soyez plus d\u00e9\u00e7u du r\u00e9sultat de vos chantiers placo. Faites appel \u00e0 un v\u00e9ritable jointeur professionnel ; Je travaille avec toute une gamme d&rsquo;outils m\u00e9canis\u00e9s qui me permettent de r\u00e9aliser des joints nets et r\u00e9guliers, totalement&hellip;&nbsp;Lire la suite &raquo;Accueil\" \/>\n<meta property=\"og:url\" content=\"https:\/\/jointeurbayonne64.com\/\" \/>\n<meta property=\"og:site_name\" content=\"Jointeur Bayonne 64\" \/>\n<meta property=\"article:modified_time\" content=\"2026-02-08T11:47:57+00:00\" \/>\n<meta property=\"og:image\" content=\"https:\/\/jointeurbayonne64.com\/wp-content\/uploads\/2025\/07\/A21ADCCF-0395-4A0F-BC7B-213FD9BABFF5-1024x1024.png\" \/>\n<meta name=\"twitter:card\" content=\"summary_large_image\" \/>\n<meta name=\"twitter:label1\" content=\"Dur\u00e9e de lecture estim\u00e9e\" \/>\n\t<meta name=\"twitter:data1\" content=\"1 minute\" \/>\n<script type=\"application\/ld+json\" class=\"yoast-schema-graph\">{\"@context\":\"https:\/\/schema.org\",\"@graph\":[{\"@type\":\"WebPage\",\"@id\":\"https:\/\/jointeurbayonne64.com\/\",\"url\":\"https:\/\/jointeurbayonne64.com\/\",\"name\":\"Accueil - Jointeur Bayonne 64\",\"isPartOf\":{\"@id\":\"https:\/\/jointeurbayonne64.com\/#website\"},\"primaryImageOfPage\":{\"@id\":\"https:\/\/jointeurbayonne64.com\/#primaryimage\"},\"image\":{\"@id\":\"https:\/\/jointeurbayonne64.com\/#primaryimage\"},\"thumbnailUrl\":\"https:\/\/jointeurbayonne64.com\/wp-content\/uploads\/2025\/07\/A21ADCCF-0395-4A0F-BC7B-213FD9BABFF5-1024x1024.png\",\"datePublished\":\"2025-07-04T12:49:13+00:00\",\"dateModified\":\"2026-02-08T11:47:57+00:00\",\"breadcrumb\":{\"@id\":\"https:\/\/jointeurbayonne64.com\/#breadcrumb\"},\"inLanguage\":\"fr-FR\",\"potentialAction\":[{\"@type\":\"ReadAction\",\"target\":[\"https:\/\/jointeurbayonne64.com\/\"]}]},{\"@type\":\"ImageObject\",\"inLanguage\":\"fr-FR\",\"@id\":\"https:\/\/jointeurbayonne64.com\/#primaryimage\",\"url\":\"https:\/\/jointeurbayonne64.com\/wp-content\/uploads\/2025\/07\/A21ADCCF-0395-4A0F-BC7B-213FD9BABFF5.png\",\"contentUrl\":\"https:\/\/jointeurbayonne64.com\/wp-content\/uploads\/2025\/07\/A21ADCCF-0395-4A0F-BC7B-213FD9BABFF5.png\",\"width\":1920,\"height\":1920},{\"@type\":\"BreadcrumbList\",\"@id\":\"https:\/\/jointeurbayonne64.com\/#breadcrumb\",\"itemListElement\":[{\"@type\":\"ListItem\",\"position\":1,\"name\":\"Accueil\",\"item\":\"https:\/\/jointeurbayonne64.com\/\"},{\"@type\":\"ListItem\",\"position\":2,\"name\":\"Accueil\"}]},{\"@type\":\"WebSite\",\"@id\":\"https:\/\/jointeurbayonne64.com\/#website\",\"url\":\"https:\/\/jointeurbayonne64.com\/\",\"name\":\"Jointeur Bayonne 64\",\"description\":\"\",\"potentialAction\":[{\"@type\":\"SearchAction\",\"target\":{\"@type\":\"EntryPoint\",\"urlTemplate\":\"https:\/\/jointeurbayonne64.com\/?s={search_term_string}\"},\"query-input\":{\"@type\":\"PropertyValueSpecification\",\"valueRequired\":true,\"valueName\":\"search_term_string\"}}],\"inLanguage\":\"fr-FR\"}]}<\/script>\n<!-- \/ Yoast SEO plugin. -->","yoast_head_json":{"title":"Accueil - Jointeur Bayonne 64","robots":{"index":"index","follow":"follow","max-snippet":"max-snippet:-1","max-image-preview":"max-image-preview:large","max-video-preview":"max-video-preview:-1"},"canonical":"https:\/\/jointeurbayonne64.com\/","og_locale":"fr_FR","og_type":"article","og_title":"Accueil - Jointeur Bayonne 64","og_description":"\u00a0 Tel 07 68 26 28 13 \u00a0 Artisan jointeur depuis 2002 sur la C\u00f4te basque et Landaise Ne soyez plus d\u00e9\u00e7u du r\u00e9sultat de vos chantiers placo. Faites appel \u00e0 un v\u00e9ritable jointeur professionnel ; Je travaille avec toute une gamme d&rsquo;outils m\u00e9canis\u00e9s qui me permettent de r\u00e9aliser des joints nets et r\u00e9guliers, totalement&hellip;&nbsp;Lire la suite &raquo;Accueil","og_url":"https:\/\/jointeurbayonne64.com\/","og_site_name":"Jointeur Bayonne 64","article_modified_time":"2026-02-08T11:47:57+00:00","og_image":[{"url":"https:\/\/jointeurbayonne64.com\/wp-content\/uploads\/2025\/07\/A21ADCCF-0395-4A0F-BC7B-213FD9BABFF5-1024x1024.png","type":"","width":"","height":""}],"twitter_card":"summary_large_image","twitter_misc":{"Dur\u00e9e de lecture estim\u00e9e":"1 minute"},"schema":{"@context":"https:\/\/schema.org","@graph":[{"@type":"WebPage","@id":"https:\/\/jointeurbayonne64.com\/","url":"https:\/\/jointeurbayonne64.com\/","name":"Accueil - Jointeur Bayonne 64","isPartOf":{"@id":"https:\/\/jointeurbayonne64.com\/#website"},"primaryImageOfPage":{"@id":"https:\/\/jointeurbayonne64.com\/#primaryimage"},"image":{"@id":"https:\/\/jointeurbayonne64.com\/#primaryimage"},"thumbnailUrl":"https:\/\/jointeurbayonne64.com\/wp-content\/uploads\/2025\/07\/A21ADCCF-0395-4A0F-BC7B-213FD9BABFF5-1024x1024.png","datePublished":"2025-07-04T12:49:13+00:00","dateModified":"2026-02-08T11:47:57+00:00","breadcrumb":{"@id":"https:\/\/jointeurbayonne64.com\/#breadcrumb"},"inLanguage":"fr-FR","potentialAction":[{"@type":"ReadAction","target":["https:\/\/jointeurbayonne64.com\/"]}]},{"@type":"ImageObject","inLanguage":"fr-FR","@id":"https:\/\/jointeurbayonne64.com\/#primaryimage","url":"https:\/\/jointeurbayonne64.com\/wp-content\/uploads\/2025\/07\/A21ADCCF-0395-4A0F-BC7B-213FD9BABFF5.png","contentUrl":"https:\/\/jointeurbayonne64.com\/wp-content\/uploads\/2025\/07\/A21ADCCF-0395-4A0F-BC7B-213FD9BABFF5.png","width":1920,"height":1920},{"@type":"BreadcrumbList","@id":"https:\/\/jointeurbayonne64.com\/#breadcrumb","itemListElement":[{"@type":"ListItem","position":1,"name":"Accueil","item":"https:\/\/jointeurbayonne64.com\/"},{"@type":"ListItem","position":2,"name":"Accueil"}]},{"@type":"WebSite","@id":"https:\/\/jointeurbayonne64.com\/#website","url":"https:\/\/jointeurbayonne64.com\/","name":"Jointeur Bayonne 64","description":"","potentialAction":[{"@type":"SearchAction","target":{"@type":"EntryPoint","urlTemplate":"https:\/\/jointeurbayonne64.com\/?s={search_term_string}"},"query-input":{"@type":"PropertyValueSpecification","valueRequired":true,"valueName":"search_term_string"}}],"inLanguage":"fr-FR"}]}},"_links":{"self":[{"href":"https:\/\/jointeurbayonne64.com\/index.php\/wp-json\/wp\/v2\/pages\/132","targetHints":{"allow":["GET"]}}],"collection":[{"href":"https:\/\/jointeurbayonne64.com\/index.php\/wp-json\/wp\/v2\/pages"}],"about":[{"href":"https:\/\/jointeurbayonne64.com\/index.php\/wp-json\/wp\/v2\/types\/page"}],"author":[{"embeddable":true,"href":"https:\/\/jointeurbayonne64.com\/index.php\/wp-json\/wp\/v2\/users\/1"}],"replies":[{"embeddable":true,"href":"https:\/\/jointeurbayonne64.com\/index.php\/wp-json\/wp\/v2\/comments?post=132"}],"version-history":[{"count":45,"href":"https:\/\/jointeurbayonne64.com\/index.php\/wp-json\/wp\/v2\/pages\/132\/revisions"}],"predecessor-version":[{"id":201,"href":"https:\/\/jointeurbayonne64.com\/index.php\/wp-json\/wp\/v2\/pages\/132\/revisions\/201"}],"wp:attachment":[{"href":"https:\/\/jointeurbayonne64.com\/index.php\/wp-json\/wp\/v2\/media?parent=132"}],"curies":[{"name":"wp","href":"https:\/\/api.w.org\/{rel}","templated":true}]}}